{"id":8818,"date":"2023-10-20T11:21:08","date_gmt":"2023-10-20T11:21:08","guid":{"rendered":"https:\/\/csector.eu\/?page_id=8818"},"modified":"2024-10-01T22:22:41","modified_gmt":"2024-10-01T22:22:41","slug":"self-assesment-tool-de","status":"publish","type":"page","link":"https:\/\/csector.eu\/de\/self-assesment-tool-de\/","title":{"rendered":"Self Assesment Tool &#8211; DE"},"content":{"rendered":"\t\t<div data-elementor-type=\"wp-page\" data-elementor-id=\"8818\" class=\"elementor elementor-8818 elementor-6870\">\n\t\t\t\t<div class=\"elementor-element elementor-element-acf15a9 e-flex e-con-boxed e-con e-parent\" data-id=\"acf15a9\" data-element_type=\"container\" data-settings=\"{&quot;background_background&quot;:&quot;classic&quot;}\">\n\t\t\t\t\t<div class=\"e-con-inner\">\n\t\t\t\t<div class=\"elementor-element elementor-element-8bb46e3 elementor-widget__width-initial elementor-widget elementor-widget-heading\" data-id=\"8bb46e3\" data-element_type=\"widget\" id=\"panelka-welcome\" data-widget_type=\"heading.default\">\n\t\t\t\t<div class=\"elementor-widget-container\">\n\t\t\t\t\t<h1 class=\"elementor-heading-title elementor-size-default\">Willkommen bei Ihrem OT-Cybersicherheits-Selbstbewertungs-Tool<\/h1>\t\t\t\t<\/div>\n\t\t\t\t<\/div>\n\t\t\t\t<div class=\"elementor-element elementor-element-77a37ea elementor-widget elementor-widget-button\" data-id=\"77a37ea\" data-element_type=\"widget\" id=\"next-knopka\" data-widget_type=\"button.default\">\n\t\t\t\t<div class=\"elementor-widget-container\">\n\t\t\t\t\t\t\t\t\t<div class=\"elementor-button-wrapper\">\n\t\t\t\t\t<a class=\"elementor-button elementor-button-link elementor-size-sm\" href=\"#\">\n\t\t\t\t\t\t<span class=\"elementor-button-content-wrapper\">\n\t\t\t\t\t\t\t\t\t<span class=\"elementor-button-text\">Weiter<\/span>\n\t\t\t\t\t<\/span>\n\t\t\t\t\t<\/a>\n\t\t\t\t<\/div>\n\t\t\t\t\t\t\t\t<\/div>\n\t\t\t\t<\/div>\n\t\t\t\t<div class=\"elementor-element elementor-element-f403581 elementor-widget__width-initial ubrat elementor-widget elementor-widget-text-editor\" data-id=\"f403581\" data-element_type=\"widget\" id=\"panelka-introduction\" data-widget_type=\"text-editor.default\">\n\t\t\t\t<div class=\"elementor-widget-container\">\n\t\t\t\t\t\t\t\t\t<h1>Einf\u00fchrung in das Tool<\/h1><p>Dieses Tool soll kleinen und mittleren Unternehmen (KMU) in der Fertigungsindustrie, der \u00d6l- und Gasindustrie, der Luftfahrt, der Schifffahrt und dem Schienenverkehr dabei helfen, ihr derzeitiges Niveau an betrieblicher Cybersicherheit zu bewerten und m\u00f6gliche L\u00fccken in ihren Sicherheitsma\u00dfnahmen zu erkennen.<\/p><p>Das Tool besteht aus neun Abschnitten, die ein breites Spektrum an Cybersicherheitsthemen abdecken, darunter:<\/p><ul><li>Konzept und Grunds\u00e4tze der OT-Cybersecurity<\/li><li>Vorteile und Herausforderungen bei der Implementierung von OT-Cybersicherheit<\/li><li>OT-Cybersecurity-Risikomanagement<\/li><li>OT-Grundlagen der Cybersicherheit<\/li><li>Open-Source-Tools<\/li><li>Netzwerksicherheit und -diagnose<\/li><li>Sicherheitskontrollen f\u00fcr OT-Anlagen<\/li><li>Cyber-Bedrohungen und Schwachstellen<\/li><li>Widerstandsf\u00e4higkeit von Unternehmen<\/li><\/ul><p>Bevor Sie mit der Selbstbeurteilung beginnen, bitten wir Sie:<\/p><ul><li>Vergewissern Sie sich, dass Sie befugt sind, Ihr Unternehmen zu vertreten und die Fragen in dessen Namen zu beantworten.<\/li><li>Sammeln Sie alle relevanten Informationen, die Sie ben\u00f6tigen, z. B. die Cybersicherheitsrichtlinien und -verfahren Ihres Unternehmens, Risikobewertungen und Reaktionspl\u00e4ne auf Vorf\u00e4lle.<\/li><li>Bereiten Sie sich darauf vor, etwa 30 Minuten f\u00fcr die Selbsteinsch\u00e4tzung zu ben\u00f6tigen.<\/li><\/ul><p>Bitte beantworten Sie die Fragen in jedem Abschnitt so ehrlich und genau wie m\u00f6glich, um die Selbstbewertung abzuschlie\u00dfen. Die Fragen dienen dazu, den aktuellen Stand der Cybersicherheit in Ihrem Unternehmen zu bewerten und Bereiche zu ermitteln, in denen Sie sich m\u00f6glicherweise verbessern m\u00fcssen.<\/p><p>Sobald Sie die Selbstbewertung abgeschlossen haben, sehen Sie die Ergebnisse, die Ihnen zeigen, wie Ihr Unternehmen in jedem Abschnitt abgeschnitten hat. Neben den Ergebnissen erhalten Sie auch empfohlene Materialien, die Ihnen helfen k\u00f6nnen, die Cybersicherheit Ihres Unternehmens zu verbessern.<\/p>\t\t\t\t\t\t\t\t<\/div>\n\t\t\t\t<\/div>\n\t\t\t\t<div class=\"elementor-element elementor-element-bdaa747 ubrat elementor-widget elementor-widget-button\" data-id=\"bdaa747\" data-element_type=\"widget\" id=\"knopka-start\" data-widget_type=\"button.default\">\n\t\t\t\t<div class=\"elementor-widget-container\">\n\t\t\t\t\t\t\t\t\t<div class=\"elementor-button-wrapper\">\n\t\t\t\t\t<a class=\"elementor-button elementor-button-link elementor-size-sm\" href=\"https:\/\/csector.eu\/de\/self-assesment-tool-survey-de\/\">\n\t\t\t\t\t\t<span class=\"elementor-button-content-wrapper\">\n\t\t\t\t\t\t\t\t\t<span class=\"elementor-button-text\">Umfrage starten<\/span>\n\t\t\t\t\t<\/span>\n\t\t\t\t\t<\/a>\n\t\t\t\t<\/div>\n\t\t\t\t\t\t\t\t<\/div>\n\t\t\t\t<\/div>\n\t\t\t\t\t<\/div>\n\t\t\t\t<\/div>\n\t\t<div class=\"elementor-element elementor-element-7f8f4b4 e-flex e-con-boxed e-con e-parent\" data-id=\"7f8f4b4\" data-element_type=\"container\">\n\t\t\t\t\t<div class=\"e-con-inner\">\n\t\t\t\t<div class=\"elementor-element elementor-element-966bb31 elementor-widget elementor-widget-html\" data-id=\"966bb31\" data-element_type=\"widget\" data-widget_type=\"html.default\">\n\t\t\t\t<div class=\"elementor-widget-container\">\n\t\t\t\t\t<style>\n \n\n .page-header{\n     \n     display: none;\n }\n \n \n .panelka{\n     \n     animation: flyUp 1s ease-in-out forwards;\n     \n }\n\n@keyframes flyUp {\n    0% {\n        opacity: 1;\n        transform: translateY(0);\n    }\n    100% {\n        opacity: 0;\n        transform: translateY(-100%);\n    }\n}\n\n\n\n.panelkadva {\n    animation: moveUp 1s ease forwards;\n}\n\n@keyframes moveUp {\n    0% {\n        \n        transform: translateY(100%);\n    }\n\n    100% {\n        transform: translateY(0);\n    }\n}\n\n\n.ubrat{\n    \n    display: none;\n}\n\n\n<\/style>\n\n<script>\n\ndocument.getElementById('next-knopka').addEventListener('click', function() {\n   \/\/ \u041d\u0430\u0445\u043e\u0434\u0438\u043c \u044d\u043b\u0435\u043c\u0435\u043d\u0442\u044b \u043f\u043e \u0438\u0445 id\nconst welcomePanel = document.getElementById('panelka-welcome');\nconst nextButton = document.getElementById('next-knopka');\n\n\/\/ \u0414\u043e\u0431\u0430\u0432\u043b\u044f\u0435\u043c \u043a\u043b\u0430\u0441\u0441 \"panelka\"\nwelcomePanel.classList.add('panelka');\nnextButton.classList.add('panelka');\n\n\n\n\n\n\n});\n\n\nconst elementEndAnim = document.getElementById(\"panelka-welcome\");\n\nelementEndAnim.addEventListener('animationend', () => {\n    \n    const introductionPanel = document.getElementById('panelka-introduction');\nconst startButton = document.getElementById('knopka-start');\n\n\nintroductionPanel.classList.remove(\"ubrat\");\nstartButton.classList.remove(\"ubrat\");\nintroductionPanel.classList.add(\"panelkadva\");\nstartButton.classList.add(\"panelkadva\");\n   \n});\n\n\n<\/script>\n\n\n\t\t\t\t<\/div>\n\t\t\t\t<\/div>\n\t\t\t\t\t<\/div>\n\t\t\t\t<\/div>\n\t\t\t\t<\/div>\n\t\t","protected":false},"excerpt":{"rendered":"<p>Willkommen bei Ihrem OT-Cybersicherheits-Selbstbewertungs-Tool Weiter Einf\u00fchrung in das Tool Dieses Tool soll kleinen und mittleren Unternehmen (KMU) in der Fertigungsindustrie, der \u00d6l- und Gasindustrie, der Luftfahrt, der Schifffahrt und dem Schienenverkehr dabei helfen, ihr derzeitiges Niveau an betrieblicher Cybersicherheit zu bewerten und m\u00f6gliche L\u00fccken in ihren Sicherheitsma\u00dfnahmen zu erkennen. Das Tool besteht aus neun Abschnitten, [&hellip;]<\/p>\n","protected":false},"author":2,"featured_media":0,"parent":0,"menu_order":0,"comment_status":"closed","ping_status":"closed","template":"","meta":{"footnotes":""},"class_list":["post-8818","page","type-page","status-publish","hentry"],"_links":{"self":[{"href":"https:\/\/csector.eu\/de\/wp-json\/wp\/v2\/pages\/8818","targetHints":{"allow":["GET"]}}],"collection":[{"href":"https:\/\/csector.eu\/de\/wp-json\/wp\/v2\/pages"}],"about":[{"href":"https:\/\/csector.eu\/de\/wp-json\/wp\/v2\/types\/page"}],"author":[{"embeddable":true,"href":"https:\/\/csector.eu\/de\/wp-json\/wp\/v2\/users\/2"}],"replies":[{"embeddable":true,"href":"https:\/\/csector.eu\/de\/wp-json\/wp\/v2\/comments?post=8818"}],"version-history":[{"count":0,"href":"https:\/\/csector.eu\/de\/wp-json\/wp\/v2\/pages\/8818\/revisions"}],"wp:attachment":[{"href":"https:\/\/csector.eu\/de\/wp-json\/wp\/v2\/media?parent=8818"}],"curies":[{"name":"wp","href":"https:\/\/api.w.org\/{rel}","templated":true}]}}